{"id":68,"date":"2020-10-20T12:15:09","date_gmt":"2020-10-20T10:15:09","guid":{"rendered":"http:\/\/193.70.86.132\/?page_id=25"},"modified":"2023-07-30T07:50:52","modified_gmt":"2023-07-30T05:50:52","slug":"jjb-pca","status":"publish","type":"page","link":"https:\/\/www.proconnectionarts.com\/index.php\/jjb-pca\/","title":{"rendered":"Ju-Jitsu Br\u00e9silien et PCA"},"content":{"rendered":"\t\t<div data-elementor-type=\"wp-page\" data-elementor-id=\"68\" class=\"elementor elementor-68\">\n\t\t\t\t\t\t<section class=\"elementor-section elementor-top-section elementor-element elementor-element-004ccab elementor-section-boxed elementor-section-height-default elementor-section-height-default wpr-particle-no wpr-jarallax-no wpr-parallax-no wpr-sticky-section-no wpr-equal-height-no\" data-id=\"004ccab\" data-element_type=\"section\" data-e-type=\"section\">\n\t\t\t\t\t\t<div class=\"elementor-container elementor-column-gap-default\">\n\t\t\t\t\t\t<\/div>\n\t\t<\/section>\n\t\t\t\t<section class=\"elementor-section elementor-top-section elementor-element elementor-element-ceeb682 elementor-section-boxed elementor-section-height-default elementor-section-height-default wpr-particle-no wpr-jarallax-no wpr-parallax-no wpr-sticky-section-no wpr-equal-height-no\" data-id=\"ceeb682\" data-element_type=\"section\" data-e-type=\"section\">\n\t\t\t\t\t\t<div class=\"elementor-container elementor-column-gap-default\">\n\t\t\t\t\t<div class=\"elementor-column elementor-col-66 elementor-top-column elementor-element elementor-element-b7cf6a6\" data-id=\"b7cf6a6\" data-element_type=\"column\" data-e-type=\"column\">\n\t\t\t<div class=\"elementor-widget-wrap elementor-element-populated\">\n\t\t\t\t\t\t<div class=\"elementor-element elementor-element-4141e5e elementor-widget elementor-widget-heading\" data-id=\"4141e5e\" data-element_type=\"widget\" data-e-type=\"widget\" data-widget_type=\"heading.default\">\n\t\t\t\t<div class=\"elementor-widget-container\">\n\t\t\t\t\t<h2 class=\"elementor-heading-title elementor-size-default\">Mestre Paulinho CORREA<\/h2>\t\t\t\t<\/div>\n\t\t\t\t<\/div>\n\t\t\t\t<div class=\"elementor-element elementor-element-b95cbfc elementor-widget elementor-widget-text-editor\" data-id=\"b95cbfc\" data-element_type=\"widget\" data-e-type=\"widget\" data-widget_type=\"text-editor.default\">\n\t\t\t\t<div class=\"elementor-widget-container\">\n\t\t\t\t\t\t\t\t\t<ul><li><span style=\"font-family: arial, helvetica, sans-serif;\">Pratiquant de JJB depuis 2003<\/span><\/li><li><span style=\"font-family: arial, helvetica, sans-serif;\">D\u00e9bute au Lotus Club avec Mestre Taquara \u00e0 SaoPaulo<\/span><\/li><li><span style=\"font-family: arial, helvetica, sans-serif;\">Ceinture noire depuis 2013 donn\u00e9e par Mestre Mauro (Atos)<\/span><\/li><li><span style=\"font-family: arial, helvetica, sans-serif;\">\u00c9l\u00e8ve d&rsquo;Alexandre CORREA &#8211; Karkara Paris<\/span><\/li><\/ul>\t\t\t\t\t\t\t\t<\/div>\n\t\t\t\t<\/div>\n\t\t\t\t<div class=\"elementor-element elementor-element-38b7f14 elementor-widget elementor-widget-image\" data-id=\"38b7f14\" data-element_type=\"widget\" data-e-type=\"widget\" data-widget_type=\"image.default\">\n\t\t\t\t<div class=\"elementor-widget-container\">\n\t\t\t\t\t\t\t\t\t\t\t\t\t\t\t<img decoding=\"async\" width=\"150\" height=\"150\" src=\"https:\/\/www.proconnectionarts.com\/wp-content\/uploads\/2023\/07\/WhatsApp-Image-2023-07-22-at-13.42.47-150x150.jpeg\" class=\"attachment-thumbnail size-thumbnail wp-image-798\" alt=\"\" srcset=\"https:\/\/www.proconnectionarts.com\/wp-content\/uploads\/2023\/07\/WhatsApp-Image-2023-07-22-at-13.42.47-150x150.jpeg 150w, https:\/\/www.proconnectionarts.com\/wp-content\/uploads\/2023\/07\/WhatsApp-Image-2023-07-22-at-13.42.47-300x300.jpeg 300w, https:\/\/www.proconnectionarts.com\/wp-content\/uploads\/2023\/07\/WhatsApp-Image-2023-07-22-at-13.42.47-1024x1024.jpeg 1024w, https:\/\/www.proconnectionarts.com\/wp-content\/uploads\/2023\/07\/WhatsApp-Image-2023-07-22-at-13.42.47-768x768.jpeg 768w, https:\/\/www.proconnectionarts.com\/wp-content\/uploads\/2023\/07\/WhatsApp-Image-2023-07-22-at-13.42.47.jpeg 1400w\" sizes=\"(max-width: 150px) 100vw, 150px\" \/>\t\t\t\t\t\t\t\t\t\t\t\t\t\t\t<\/div>\n\t\t\t\t<\/div>\n\t\t\t\t<div class=\"elementor-element elementor-element-5cfad43 elementor-widget elementor-widget-heading\" data-id=\"5cfad43\" data-element_type=\"widget\" data-e-type=\"widget\" data-widget_type=\"heading.default\">\n\t\t\t\t<div class=\"elementor-widget-container\">\n\t\t\t\t\t<h2 class=\"elementor-heading-title elementor-size-default\">Palmar\u00e8s en comp\u00e9tition<\/h2>\t\t\t\t<\/div>\n\t\t\t\t<\/div>\n\t\t\t\t<div class=\"elementor-element elementor-element-d9d5678 elementor-widget elementor-widget-text-editor\" data-id=\"d9d5678\" data-element_type=\"widget\" data-e-type=\"widget\" data-widget_type=\"text-editor.default\">\n\t\t\t\t<div class=\"elementor-widget-container\">\n\t\t\t\t\t\t\t\t\t<ul><li>1er Brasileiro (ceinture violette)<\/li><li>1er Campeonato Paulista (ceinture marron)<\/li><li>1er Coupe Kamikaze<\/li><li>2e NAGA\u00a0 (ceinture noire)<\/li><li>1\u00e8re et 3e place\u00a0en Open de Paris\u00a0<\/li><li>3e place en Open de Gen\u00e8ve<\/li><\/ul>\t\t\t\t\t\t\t\t<\/div>\n\t\t\t\t<\/div>\n\t\t\t\t\t<\/div>\n\t\t<\/div>\n\t\t\t\t<div class=\"elementor-column elementor-col-33 elementor-top-column elementor-element elementor-element-7895d01\" data-id=\"7895d01\" data-element_type=\"column\" data-e-type=\"column\">\n\t\t\t<div class=\"elementor-widget-wrap elementor-element-populated\">\n\t\t\t\t\t\t<div class=\"elementor-element elementor-element-a09abe8 elementor-widget elementor-widget-image\" data-id=\"a09abe8\" data-element_type=\"widget\" data-e-type=\"widget\" data-widget_type=\"image.default\">\n\t\t\t\t<div class=\"elementor-widget-container\">\n\t\t\t\t\t\t\t\t\t\t\t\t\t\t\t<img fetchpriority=\"high\" decoding=\"async\" width=\"364\" height=\"909\" src=\"https:\/\/www.proconnectionarts.com\/wp-content\/uploads\/2022\/01\/paulinho-detour-1.png\" class=\"attachment-large size-large wp-image-213\" alt=\"\" srcset=\"https:\/\/www.proconnectionarts.com\/wp-content\/uploads\/2022\/01\/paulinho-detour-1.png 364w, https:\/\/www.proconnectionarts.com\/wp-content\/uploads\/2022\/01\/paulinho-detour-1-120x300.png 120w\" sizes=\"(max-width: 364px) 100vw, 364px\" \/>\t\t\t\t\t\t\t\t\t\t\t\t\t\t\t<\/div>\n\t\t\t\t<\/div>\n\t\t\t\t\t<\/div>\n\t\t<\/div>\n\t\t\t\t\t<\/div>\n\t\t<\/section>\n\t\t\t\t<section class=\"elementor-section elementor-top-section elementor-element elementor-element-6643f01 elementor-section-boxed elementor-section-height-default elementor-section-height-default wpr-particle-no wpr-jarallax-no wpr-parallax-no wpr-sticky-section-no wpr-equal-height-no\" data-id=\"6643f01\" data-element_type=\"section\" data-e-type=\"section\">\n\t\t\t\t\t\t<div class=\"elementor-container elementor-column-gap-default\">\n\t\t\t\t\t<div class=\"elementor-column elementor-col-100 elementor-top-column elementor-element elementor-element-ef00754\" data-id=\"ef00754\" data-element_type=\"column\" data-e-type=\"column\">\n\t\t\t<div class=\"elementor-widget-wrap elementor-element-populated\">\n\t\t\t\t\t\t<div class=\"elementor-element elementor-element-3aceef6 elementor-widget elementor-widget-heading\" data-id=\"3aceef6\" data-element_type=\"widget\" data-e-type=\"widget\" data-widget_type=\"heading.default\">\n\t\t\t\t<div class=\"elementor-widget-container\">\n\t\t\t\t\t<h2 class=\"elementor-heading-title elementor-size-default\">Le Jiu-Jitsu Br\u00e9silien<\/h2>\t\t\t\t<\/div>\n\t\t\t\t<\/div>\n\t\t\t\t<div class=\"elementor-element elementor-element-388241d elementor-widget elementor-widget-text-editor\" data-id=\"388241d\" data-element_type=\"widget\" data-e-type=\"widget\" data-widget_type=\"text-editor.default\">\n\t\t\t\t<div class=\"elementor-widget-container\">\n\t\t\t\t\t\t\t\t\t<p>Le jiu-jitsu br\u00e9silien (JJB ou en Anglais : BJJ &#8211; Brazilian Jiu Jitsu) est un art martial, un sport de combat et un syst\u00e8me de d\u00e9fense personnelle d\u00e9riv\u00e9 de techniques du judo et du ju-jitsu import\u00e9es du Japon au Br\u00e9sil par Mitsuyo Ma\u00e9da vers 1920, puis d\u00e9velopp\u00e9 par la famille Gracie.<\/p><p><br><\/p><p>Le jiu-jitsu br\u00e9silien promeut le concept qu\u2019une personne peut se d\u00e9fendre face \u00e0 un opposant plus lourd et fort en utilisant les techniques appropri\u00e9es, plus particuli\u00e8rement en amenant le combat au sol et en appliquant des techniques d\u2019\u00e9tranglement, de cl\u00e9 articulaire ou de compression musculaire.<\/p>\t\t\t\t\t\t\t\t<\/div>\n\t\t\t\t<\/div>\n\t\t\t\t\t<\/div>\n\t\t<\/div>\n\t\t\t\t\t<\/div>\n\t\t<\/section>\n\t\t\t\t<section class=\"elementor-section elementor-top-section elementor-element elementor-element-1abfdb2 elementor-section-boxed elementor-section-height-default elementor-section-height-default wpr-particle-no wpr-jarallax-no wpr-parallax-no wpr-sticky-section-no wpr-equal-height-no\" data-id=\"1abfdb2\" data-element_type=\"section\" data-e-type=\"section\">\n\t\t\t\t\t\t<div class=\"elementor-container elementor-column-gap-default\">\n\t\t\t\t\t<div class=\"elementor-column elementor-col-50 elementor-top-column elementor-element elementor-element-9ba7d06\" data-id=\"9ba7d06\" data-element_type=\"column\" data-e-type=\"column\">\n\t\t\t<div class=\"elementor-widget-wrap elementor-element-populated\">\n\t\t\t\t\t\t<div class=\"elementor-element elementor-element-a7828a4 elementor-widget elementor-widget-image\" data-id=\"a7828a4\" data-element_type=\"widget\" data-e-type=\"widget\" data-widget_type=\"image.default\">\n\t\t\t\t<div class=\"elementor-widget-container\">\n\t\t\t\t\t\t\t\t\t\t\t\t<figure class=\"wp-caption\">\n\t\t\t\t\t\t\t\t\t\t<img decoding=\"async\" width=\"150\" height=\"150\" src=\"https:\/\/www.proconnectionarts.com\/wp-content\/uploads\/2022\/01\/500c13c6be2b393c6784d44fb5b0ae23-e1643617870247-150x150.jpg\" class=\"attachment-thumbnail size-thumbnail wp-image-19\" alt=\"\" srcset=\"https:\/\/www.proconnectionarts.com\/wp-content\/uploads\/2022\/01\/500c13c6be2b393c6784d44fb5b0ae23-e1643617870247-150x150.jpg 150w, https:\/\/www.proconnectionarts.com\/wp-content\/uploads\/2022\/01\/500c13c6be2b393c6784d44fb5b0ae23-e1643617870247-75x75.jpg 75w, https:\/\/www.proconnectionarts.com\/wp-content\/uploads\/2022\/01\/500c13c6be2b393c6784d44fb5b0ae23-e1643617870247.jpg 189w\" sizes=\"(max-width: 150px) 100vw, 150px\" \/>\t\t\t\t\t\t\t\t\t\t\t<figcaption class=\"widget-image-caption wp-caption-text\"><\/figcaption>\n\t\t\t\t\t\t\t\t\t\t<\/figure>\n\t\t\t\t\t\t\t\t\t<\/div>\n\t\t\t\t<\/div>\n\t\t\t\t\t<\/div>\n\t\t<\/div>\n\t\t\t\t<div class=\"elementor-column elementor-col-50 elementor-top-column elementor-element elementor-element-7723129\" data-id=\"7723129\" data-element_type=\"column\" data-e-type=\"column\">\n\t\t\t<div class=\"elementor-widget-wrap elementor-element-populated\">\n\t\t\t\t\t\t<div class=\"elementor-element elementor-element-e276e06 elementor-widget elementor-widget-image\" data-id=\"e276e06\" data-element_type=\"widget\" data-e-type=\"widget\" data-widget_type=\"image.default\">\n\t\t\t\t<div class=\"elementor-widget-container\">\n\t\t\t\t\t\t\t\t\t\t\t\t<figure class=\"wp-caption\">\n\t\t\t\t\t\t\t\t\t\t<img loading=\"lazy\" decoding=\"async\" width=\"150\" height=\"131\" src=\"https:\/\/www.proconnectionarts.com\/wp-content\/uploads\/2022\/01\/telechargement-e1689914889955-150x131.jpg\" class=\"attachment-thumbnail size-thumbnail wp-image-44\" alt=\"\" \/>\t\t\t\t\t\t\t\t\t\t\t<figcaption class=\"widget-image-caption wp-caption-text\"><\/figcaption>\n\t\t\t\t\t\t\t\t\t\t<\/figure>\n\t\t\t\t\t\t\t\t\t<\/div>\n\t\t\t\t<\/div>\n\t\t\t\t\t<\/div>\n\t\t<\/div>\n\t\t\t\t\t<\/div>\n\t\t<\/section>\n\t\t\t\t<section class=\"elementor-section elementor-top-section elementor-element elementor-element-e8a503a elementor-section-boxed elementor-section-height-default elementor-section-height-default wpr-particle-no wpr-jarallax-no wpr-parallax-no wpr-sticky-section-no wpr-equal-height-no\" data-id=\"e8a503a\" data-element_type=\"section\" data-e-type=\"section\">\n\t\t\t\t\t\t<div class=\"elementor-container elementor-column-gap-default\">\n\t\t\t\t\t<div class=\"elementor-column elementor-col-100 elementor-top-column elementor-element elementor-element-60f88bf\" data-id=\"60f88bf\" data-element_type=\"column\" data-e-type=\"column\">\n\t\t\t<div class=\"elementor-widget-wrap elementor-element-populated\">\n\t\t\t\t\t\t<div class=\"elementor-element elementor-element-d3c21b7 elementor-widget elementor-widget-text-editor\" data-id=\"d3c21b7\" data-element_type=\"widget\" data-e-type=\"widget\" data-widget_type=\"text-editor.default\">\n\t\t\t\t<div class=\"elementor-widget-container\">\n\t\t\t\t\t\t\t\t\t<p>L&rsquo;association Pro Connection Arts regroupe des hommes, des femmes et des enfants de tout le d\u00e9partement et dispense ses cours \u00e0 Coulommiers.<\/p>\n<p>Fort d&rsquo;une trentaine de pratiquants r\u00e9guliers et d&rsquo;un esprit familial, notre club se veut ouvert \u00e0 tous que ce soit pour pratiquer une activit\u00e9 physique, apprendre \u00e0 se d\u00e9fendre, faire de la comp\u00e9tition&#8230;<\/p>\t\t\t\t\t\t\t\t<\/div>\n\t\t\t\t<\/div>\n\t\t\t\t\t<\/div>\n\t\t<\/div>\n\t\t\t\t\t<\/div>\n\t\t<\/section>\n\t\t\t\t<\/div>\n\t\t","protected":false},"excerpt":{"rendered":"<p>Mestre Paulinho CORREA Pratiquant de JJB depuis 2003 D\u00e9bute au Lotus Club avec Mestre Taquara \u00e0 SaoPaulo Ceinture noire depuis 2013 donn\u00e9e par Mestre Mauro (Atos) \u00c9l\u00e8ve d&rsquo;Alexandre CORREA &#8211; Karkara Paris Palmar\u00e8s en comp\u00e9tition 1er Brasileiro (ceinture violette) 1er Campeonato Paulista (ceinture marron) 1er Coupe Kamikaze 2e NAGA\u00a0 (ceinture noire) 1\u00e8re et 3e place\u00a0en Open de Paris\u00a0 3e place en Open de Gen\u00e8ve Le Jiu-Jitsu Br\u00e9silien Le jiu-jitsu br\u00e9silien (JJB ou en Anglais : BJJ &#8211; Brazilian Jiu Jitsu) est un art martial, un sport de combat et un syst\u00e8me de d\u00e9fense personnelle d\u00e9riv\u00e9 de techniques du judo et du ju-jitsu import\u00e9es du Japon au Br\u00e9sil par Mitsuyo Ma\u00e9da vers 1920, puis d\u00e9velopp\u00e9 par la famille Gracie. Le jiu-jitsu br\u00e9silien promeut le concept qu\u2019une personne peut se d\u00e9fendre face \u00e0 un opposant plus lourd et fort en utilisant les techniques appropri\u00e9es, plus particuli\u00e8rement en amenant le combat au sol et en appliquant des techniques d\u2019\u00e9tranglement, de cl\u00e9 articulaire ou de compression musculaire. L&rsquo;association Pro Connection Arts regroupe des hommes, des femmes et des enfants de tout le d\u00e9partement et dispense ses cours \u00e0 Coulommiers. Fort d&rsquo;une trentaine de pratiquants r\u00e9guliers et d&rsquo;un esprit familial, notre club se veut ouvert \u00e0 tous que ce soit pour pratiquer une activit\u00e9 physique, apprendre \u00e0 se d\u00e9fendre, faire de la comp\u00e9tition&#8230;<\/p>\n","protected":false},"author":1,"featured_media":0,"parent":0,"menu_order":0,"comment_status":"closed","ping_status":"closed","template":"","meta":{"footnotes":""},"class_list":["post-68","page","type-page","status-publish","hentry"],"_links":{"self":[{"href":"https:\/\/www.proconnectionarts.com\/index.php\/wp-json\/wp\/v2\/pages\/68","targetHints":{"allow":["GET"]}}],"collection":[{"href":"https:\/\/www.proconnectionarts.com\/index.php\/wp-json\/wp\/v2\/pages"}],"about":[{"href":"https:\/\/www.proconnectionarts.com\/index.php\/wp-json\/wp\/v2\/types\/page"}],"author":[{"embeddable":true,"href":"https:\/\/www.proconnectionarts.com\/index.php\/wp-json\/wp\/v2\/users\/1"}],"replies":[{"embeddable":true,"href":"https:\/\/www.proconnectionarts.com\/index.php\/wp-json\/wp\/v2\/comments?post=68"}],"version-history":[{"count":19,"href":"https:\/\/www.proconnectionarts.com\/index.php\/wp-json\/wp\/v2\/pages\/68\/revisions"}],"predecessor-version":[{"id":813,"href":"https:\/\/www.proconnectionarts.com\/index.php\/wp-json\/wp\/v2\/pages\/68\/revisions\/813"}],"wp:attachment":[{"href":"https:\/\/www.proconnectionarts.com\/index.php\/wp-json\/wp\/v2\/media?parent=68"}],"curies":[{"name":"wp","href":"https:\/\/api.w.org\/{rel}","templated":true}]}}