{"id":75,"date":"2020-10-20T12:15:09","date_gmt":"2020-10-20T10:15:09","guid":{"rendered":"http:\/\/193.70.86.132\/?page_id=32"},"modified":"2025-08-29T08:08:37","modified_gmt":"2025-08-29T06:08:37","slug":"planning","status":"publish","type":"page","link":"https:\/\/www.proconnectionarts.com\/index.php\/planning\/","title":{"rendered":"Planning"},"content":{"rendered":"\t\t<div data-elementor-type=\"wp-page\" data-elementor-id=\"75\" class=\"elementor elementor-75\">\n\t\t\t\t\t\t<section class=\"elementor-section elementor-top-section elementor-element elementor-element-63c87d1 elementor-section-boxed elementor-section-height-default elementor-section-height-default wpr-particle-no wpr-jarallax-no wpr-parallax-no wpr-sticky-section-no wpr-equal-height-no\" data-id=\"63c87d1\" data-element_type=\"section\" data-e-type=\"section\">\n\t\t\t\t\t\t<div class=\"elementor-container elementor-column-gap-default\">\n\t\t\t\t\t<div class=\"elementor-column elementor-col-100 elementor-top-column elementor-element elementor-element-3a09415\" data-id=\"3a09415\" data-element_type=\"column\" data-e-type=\"column\">\n\t\t\t<div class=\"elementor-widget-wrap elementor-element-populated\">\n\t\t\t\t\t\t<div class=\"elementor-element elementor-element-436047f elementor-widget elementor-widget-heading\" data-id=\"436047f\" data-element_type=\"widget\" data-e-type=\"widget\" data-widget_type=\"heading.default\">\n\t\t\t\t<div class=\"elementor-widget-container\">\n\t\t\t\t\t<h5 class=\"elementor-heading-title elementor-size-default\">\u00c0 partir du 2 septembre 2024<\/h5>\t\t\t\t<\/div>\n\t\t\t\t<\/div>\n\t\t\t\t\t<\/div>\n\t\t<\/div>\n\t\t\t\t\t<\/div>\n\t\t<\/section>\n\t\t\t\t<section class=\"elementor-section elementor-top-section elementor-element elementor-element-ef35564 elementor-section-boxed elementor-section-height-default elementor-section-height-default wpr-particle-no wpr-jarallax-no wpr-parallax-no wpr-sticky-section-no wpr-equal-height-no\" data-id=\"ef35564\" data-element_type=\"section\" data-e-type=\"section\">\n\t\t\t\t\t\t<div class=\"elementor-container elementor-column-gap-default\">\n\t\t\t\t\t<div class=\"elementor-column elementor-col-100 elementor-top-column elementor-element elementor-element-9d3ebb4\" data-id=\"9d3ebb4\" data-element_type=\"column\" data-e-type=\"column\">\n\t\t\t<div class=\"elementor-widget-wrap elementor-element-populated\">\n\t\t\t\t\t\t<div class=\"elementor-element elementor-element-08c63c9 elementor-widget elementor-widget-heading\" data-id=\"08c63c9\" data-element_type=\"widget\" data-e-type=\"widget\" data-widget_type=\"heading.default\">\n\t\t\t\t<div class=\"elementor-widget-container\">\n\t\t\t\t\t<h1 class=\"elementor-heading-title elementor-size-default\">Sports de combat<\/h1>\t\t\t\t<\/div>\n\t\t\t\t<\/div>\n\t\t\t\t\t<\/div>\n\t\t<\/div>\n\t\t\t\t\t<\/div>\n\t\t<\/section>\n\t\t\t\t<section class=\"elementor-section elementor-top-section elementor-element elementor-element-558140c elementor-section-full_width elementor-section-stretched elementor-section-height-default elementor-section-height-default wpr-particle-no wpr-jarallax-no wpr-parallax-no wpr-sticky-section-no wpr-equal-height-no\" data-id=\"558140c\" data-element_type=\"section\" data-e-type=\"section\" data-settings=\"{&quot;stretch_section&quot;:&quot;section-stretched&quot;}\">\n\t\t\t\t\t\t<div class=\"elementor-container elementor-column-gap-no\">\n\t\t\t\t\t<div class=\"elementor-column elementor-col-100 elementor-top-column elementor-element elementor-element-101a66a\" data-id=\"101a66a\" data-element_type=\"column\" data-e-type=\"column\">\n\t\t\t<div class=\"elementor-widget-wrap elementor-element-populated\">\n\t\t\t\t\t\t<div class=\"elementor-element elementor-element-6a422fa elementor-widget elementor-widget-html\" data-id=\"6a422fa\" data-element_type=\"widget\" data-e-type=\"widget\" data-widget_type=\"html.default\">\n\t\t\t\t<div class=\"elementor-widget-container\">\n\t\t\t\t\t<style>\n    a.lieu{\n        font-style: italic;\n        text-decoration: underline;\n        color: white;\n    }\n\n    .hr{\n        \/*color: #9d2229;*\/\n        color: #eee;\n        font-weight: bold;\n    }\n    \n    .annule{\n        color:  #9d2229;\n        text-decoration: line-through;\n    }\n\n    table td{\n        text-align: center;\n        color: #eee;\n        padding: 2px 10px;\n        border: solid 1px black;\n    }\n    \n    \n    table th{\n        background-color: #555;\n        padding: 2px 10px;\n    }\n    \n    table tr td:first-child{\n        background-color: grey;\n    }\n    \n    \/*\n    table tr:nth-child(even){\n        background-color: #474747;\n    }\n    *\/\n    \n    table tr:hover{\n        background-color: #DFB99F;\n    }\n    \n    table td.jjb{\n        background-color: #29BDC1;\n    }\n    \n    table td.base{\n        background-color: gray;\n    }\n    \n    table td.nogi{\n        background-color: #439A86;\n    }\n    \n    table td.mma{\n        background-color: tomato;\n    }\n    \n    table td.mmak{\n        background-color: #E7982F;\n    }\n    \n    table td.femmes{\n        background-color: #F4F3EE;\n        color: #333;\n    }\n    \n    table td.femmes .hr, table td.self .hr{\n        color: #333;\n    }\n    \n    table td.kids{\n        background-color: #8783D1;\n    }\n    \n    table td.kick{\n        background-color: salmon;\n    }\n    \n    table td.self{\n        background-color: lightblue;\n        color: #333;\n    }\n    \n    table td.kimnogi{\n        background: linear-gradient(45deg, rgba(67,154,134,1) 0%, rgba(102,65,71,1) 79%);\n    }\n    \n    table{\n        overflow-x: scroll;\n        white-space: nowrap;\n        border-collapse: collapse;\n        width:auto;\n        margin: auto;\n    }\n<\/style>\n<table><thead>\n  <tr>\n    <th><\/th>\n    <th>Lundi<\/th>\n    <th>Mardi<\/th>\n    <th>Mercredi<\/th>\n    <th>Jeudi<\/th>\n    <th>Vendredi<\/th>\n    <th>Samedi<\/th>\n    <th>Dimanche<\/th>\n  <\/tr><\/thead>\n<tbody>\n  <tr>\n    <td>6:00 - 7:00<\/td>\n    <td><\/td>\n    <td class=\"nogi\">BJJ NoGi<br>Tous niveaux<\/td>\n    <td><\/td>\n    <td class=\"jjb\">BJJ Kimono<br>Tous niveaux<\/td>\n    <td><\/td>\n    <td><\/td>\n    <td><\/td>\n  <\/tr>\n  <tr>\n    <td>10:00 - 11:00<\/td>\n    <td><\/td>\n    <td><\/td>\n    <td><\/td>\n    <td><\/td>\n    <td><\/td>\n    <td class=\"kids\">BJJ Kids<br>6-9 ans<\/td>\n    <td><\/td>\n  <\/tr>\n  <tr>\n    <td>11:00 - 12:00<\/td>\n    <td><\/td>\n    <td><\/td>\n    <td><\/td>\n    <td><\/td>\n    <td><\/td>\n    <td class=\"kids\">BJJ Kids<br>10-15 ans<\/td>\n    <td><\/td>\n  <\/tr>\n  <tr>\n    <td>12:00 - 13:00<\/td>\n    <td class=\"jjb\">Open Match<br>BJJ Kimono<\/td>\n    <td class=\"nogi\">Open Match<br>BJJ NoGi<\/td>\n    <td><\/td>\n    <td class=\"jjb\">Open Match<br>BJJ Kimono<\/td>\n    <td><\/td>\n    <td><\/td>\n    <td><\/td>\n  <\/tr>\n  <tr>\n    <td><\/td>\n    <td><\/td>\n    <td><\/td>\n    <td class=\"kids\">13:45<br>Baby BJJ<\/td>\n    <td><\/td>\n    <td><\/td>\n    <td class=\"mma\">13:30<br>MMA Adulte<\/td>\n    <td>OPEN MATCH<\/td>\n  <\/tr>\n  <tr>\n    <td>14:00 - 15:00<\/td>\n    <td><\/td>\n    <td><\/td>\n    <td class=\"kids\">BJJ Kids<br>6-9 ans<\/td>\n    <td><\/td>\n    <td><\/td>\n    <td><\/td>\n    <td><\/td>\n  <\/tr>\n  <tr>\n    <td>14:30 - 15:30<\/td>\n    <td><\/td>\n    <td><\/td>\n    <td><\/td>\n    <td><\/td>\n    <td class=\"nogi\">BJJ NoGi<br>Tous niveaux<\/td>\n    <td><\/td>\n    <td><\/td>\n  <\/tr>\n  <tr>\n    <td>15:00 - 16:00<\/td>\n    <td><\/td>\n    <td><\/td>\n    <td class=\"kids\">BJJ Kids<br>10-15 ans<\/td>\n    <td><\/td>\n    <td><\/td>\n    <td class=\"jjb\">BJJ Kimono<br>Tous niveaux<\/td>\n    <td><\/td>\n  <\/tr>\n  <tr>\n    <td>16:15 - 17:15<\/td>\n    <td><\/td>\n    <td><\/td>\n    <td class=\"mmak\">MMA Kids<\/td>\n    <td><\/td>\n    <td><\/td>\n    <td><\/td>\n    <td><\/td>\n  <\/tr>\n  <tr>\n    <td>16:45 - 17:45<\/td>\n    <td><\/td>\n    <td class=\"jjb\">BJJ Kimono<br>Tous niveaux<\/td>\n    <td><\/td>\n    <td class=\"jjb\">BJJ Kimono<br>Tous niveaux<\/td>\n    <td><\/td>\n    <td><\/td>\n    <td><\/td>\n  <\/tr>\n  <tr>\n    <td>17:15 - 18:15<\/td>\n    <td class=\"mmak\">MMA Kids<\/td>\n    <td><\/td>\n    <td><\/td>\n    <td><\/td>\n    <td><\/td>\n    <td><\/td>\n    <td><\/td>\n  <\/tr>\n  <tr>\n    <td rowspan=2>18:00 - 19:15<\/td>\n    <td class=\"base\">BJJ Kimono<br>(base)<\/td>\n    <td class=\"nogi\">BJJ NoGi<br>(base)<\/td>\n    <td class=\"mma\">MMA Adulte<\/td>\n    <td class=\"base\">BJJ Kimono<br>(base)<\/td>\n    <td class=\"jjb\">BJJ Kimono<br>Tous niveaux<\/td>\n    <td><\/td>\n    <td><\/td>\n  <\/tr>\n  <tr>\n    <td class=\"kids\">BJJ Ados<\/td>\n    <td><\/td>\n    <td class=\"jjb\">BJJ Kimono<br\/>(Femmes)<\/td>\n    <td class=\"jjb\">BJJ Kimono<br\/>(Tous niveaux)<\/td>\n    <td class=\"kids\">BJJ Ados<\/td>\n    <td><\/td>\n    <td><\/td>\n  <\/tr>\n  <tr>\n    <td rowspan=2>19:30 - 20:45<\/td>\n    <td class=\"jjb\">BJJ Kimono<br>(avanc\u00e9 - comp\u00e9tition)<\/td>\n    <td rowspan=2 class=\"nogi\">BJJ NoGi<br>(avanc\u00e9)<\/td>\n    <td rowspan=2 class=\"jjb\">Open Match<br>Kimono<\/td>\n    <td rowspan=2 class=\"jjb\">BJJ Kimono<br>(avanc\u00e9 - comp\u00e9tition)<\/td>\n    <td><\/td>\n    <td><\/td>\n    <td><\/td>\n  <\/tr>\n  <tr>\n    <td class=\"jjb\">BJJ Kimono<br>(Tous niveaux)<\/td>\n  <\/tr>\n<\/tbody><\/table>\t\t\t\t<\/div>\n\t\t\t\t<\/div>\n\t\t\t\t\t<\/div>\n\t\t<\/div>\n\t\t\t\t\t<\/div>\n\t\t<\/section>\n\t\t\t\t<\/div>\n\t\t","protected":false},"excerpt":{"rendered":"<p>\u00c0 partir du 2 septembre 2024 Sports de combat Lundi Mardi Mercredi Jeudi Vendredi Samedi Dimanche 6:00 &#8211; 7:00 BJJ NoGiTous niveaux BJJ KimonoTous niveaux 10:00 &#8211; 11:00 BJJ Kids6-9 ans 11:00 &#8211; 12:00 BJJ Kids10-15 ans 12:00 &#8211; 13:00 Open MatchBJJ Kimono Open MatchBJJ NoGi Open MatchBJJ Kimono 13:45Baby BJJ 13:30MMA Adulte OPEN MATCH 14:00 &#8211; 15:00 BJJ Kids6-9 ans 14:30 &#8211; 15:30 BJJ NoGiTous niveaux 15:00 &#8211; 16:00 BJJ Kids10-15 ans BJJ KimonoTous niveaux 16:15 &#8211; 17:15 MMA Kids 16:45 &#8211; 17:45 BJJ KimonoTous niveaux BJJ KimonoTous niveaux 17:15 &#8211; 18:15 MMA Kids 18:00 &#8211; 19:15 BJJ Kimono(base) BJJ NoGi(base) MMA Adulte BJJ Kimono(base) BJJ KimonoTous niveaux BJJ Ados BJJ Kimono(Femmes) BJJ Kimono(Tous niveaux) BJJ Ados 19:30 &#8211; 20:45 BJJ Kimono(avanc\u00e9 &#8211; comp\u00e9tition) BJJ NoGi(avanc\u00e9) Open MatchKimono BJJ Kimono(avanc\u00e9 &#8211; comp\u00e9tition) BJJ Kimono(Tous niveaux)<\/p>\n","protected":false},"author":1,"featured_media":0,"parent":0,"menu_order":0,"comment_status":"closed","ping_status":"closed","template":"","meta":{"footnotes":""},"class_list":["post-75","page","type-page","status-publish","hentry"],"_links":{"self":[{"href":"https:\/\/www.proconnectionarts.com\/index.php\/wp-json\/wp\/v2\/pages\/75","targetHints":{"allow":["GET"]}}],"collection":[{"href":"https:\/\/www.proconnectionarts.com\/index.php\/wp-json\/wp\/v2\/pages"}],"about":[{"href":"https:\/\/www.proconnectionarts.com\/index.php\/wp-json\/wp\/v2\/types\/page"}],"author":[{"embeddable":true,"href":"https:\/\/www.proconnectionarts.com\/index.php\/wp-json\/wp\/v2\/users\/1"}],"replies":[{"embeddable":true,"href":"https:\/\/www.proconnectionarts.com\/index.php\/wp-json\/wp\/v2\/comments?post=75"}],"version-history":[{"count":270,"href":"https:\/\/www.proconnectionarts.com\/index.php\/wp-json\/wp\/v2\/pages\/75\/revisions"}],"predecessor-version":[{"id":1049,"href":"https:\/\/www.proconnectionarts.com\/index.php\/wp-json\/wp\/v2\/pages\/75\/revisions\/1049"}],"wp:attachment":[{"href":"https:\/\/www.proconnectionarts.com\/index.php\/wp-json\/wp\/v2\/media?parent=75"}],"curies":[{"name":"wp","href":"https:\/\/api.w.org\/{rel}","templated":true}]}}