{"id":76,"date":"2020-10-20T12:15:09","date_gmt":"2020-10-20T10:15:09","guid":{"rendered":"http:\/\/193.70.86.132\/?page_id=33"},"modified":"2023-07-30T07:45:52","modified_gmt":"2023-07-30T05:45:52","slug":"adultes","status":"publish","type":"page","link":"https:\/\/www.proconnectionarts.com\/index.php\/adultes\/","title":{"rendered":"Adultes"},"content":{"rendered":"\t\t<div data-elementor-type=\"wp-page\" data-elementor-id=\"76\" class=\"elementor elementor-76\">\n\t\t\t\t\t\t<section class=\"elementor-section elementor-top-section elementor-element elementor-element-e03c754 elementor-section-boxed elementor-section-height-default elementor-section-height-default wpr-particle-no wpr-jarallax-no wpr-parallax-no wpr-sticky-section-no wpr-equal-height-no\" data-id=\"e03c754\" data-element_type=\"section\" data-e-type=\"section\">\n\t\t\t\t\t\t<div class=\"elementor-container elementor-column-gap-default\">\n\t\t\t\t\t<div class=\"elementor-column elementor-col-66 elementor-top-column elementor-element elementor-element-eaebd2c\" data-id=\"eaebd2c\" data-element_type=\"column\" data-e-type=\"column\">\n\t\t\t<div class=\"elementor-widget-wrap elementor-element-populated\">\n\t\t\t\t\t\t<div class=\"elementor-element elementor-element-b44a41b elementor-widget elementor-widget-heading\" data-id=\"b44a41b\" data-element_type=\"widget\" data-e-type=\"widget\" data-widget_type=\"heading.default\">\n\t\t\t\t<div class=\"elementor-widget-container\">\n\t\t\t\t\t<h2 class=\"elementor-heading-title elementor-size-default\">Pratique sportive<\/h2>\t\t\t\t<\/div>\n\t\t\t\t<\/div>\n\t\t\t\t<div class=\"elementor-element elementor-element-9251bf4 elementor-widget elementor-widget-text-editor\" data-id=\"9251bf4\" data-element_type=\"widget\" data-e-type=\"widget\" data-widget_type=\"text-editor.default\">\n\t\t\t\t<div class=\"elementor-widget-container\">\n\t\t\t\t\t\t\t\t\t<p>Le JJB est une activit\u00e9 sportive proche de la lutte et du Judo. Il d\u00e9veloppe la force, l&rsquo;endurance, la souplesse et la coordination motrice.<\/p><p>Il aide \u00e0 perdre du poids et \u00e0 avoir une bonne condition physique (musculation du corps, d\u00e9veloppement des aptitudes cardio-vasculaires et respiratoires) et d\u00e9veloppe la confiance en soi (techniques de self-d\u00e9fense).<\/p><p>Le style de vie qui accompagne la pratique du Jiu-Jitsu Br\u00e9silien apporte \u00e9galement des bienfaits au corps via des \u00e9tirements et en encourageant une alimentation saine.<\/p>\t\t\t\t\t\t\t\t<\/div>\n\t\t\t\t<\/div>\n\t\t\t\t\t<\/div>\n\t\t<\/div>\n\t\t\t\t<div class=\"elementor-column elementor-col-33 elementor-top-column elementor-element elementor-element-8578ef1\" data-id=\"8578ef1\" data-element_type=\"column\" data-e-type=\"column\">\n\t\t\t<div class=\"elementor-widget-wrap elementor-element-populated\">\n\t\t\t\t\t\t<div class=\"elementor-element elementor-element-503deee elementor-widget elementor-widget-image\" data-id=\"503deee\" data-element_type=\"widget\" data-e-type=\"widget\" data-widget_type=\"image.default\">\n\t\t\t\t<div class=\"elementor-widget-container\">\n\t\t\t\t\t\t\t\t\t\t\t\t\t\t\t<img decoding=\"async\" width=\"300\" height=\"154\" src=\"https:\/\/www.proconnectionarts.com\/wp-content\/uploads\/2023\/07\/WhatsApp-Image-2023-07-26-at-21.04.43-e1690695797750-300x154.jpeg\" class=\"attachment-medium size-medium wp-image-800\" alt=\"\" srcset=\"https:\/\/www.proconnectionarts.com\/wp-content\/uploads\/2023\/07\/WhatsApp-Image-2023-07-26-at-21.04.43-e1690695797750-300x154.jpeg 300w, https:\/\/www.proconnectionarts.com\/wp-content\/uploads\/2023\/07\/WhatsApp-Image-2023-07-26-at-21.04.43-e1690695797750-1024x524.jpeg 1024w, https:\/\/www.proconnectionarts.com\/wp-content\/uploads\/2023\/07\/WhatsApp-Image-2023-07-26-at-21.04.43-e1690695797750-768x393.jpeg 768w, https:\/\/www.proconnectionarts.com\/wp-content\/uploads\/2023\/07\/WhatsApp-Image-2023-07-26-at-21.04.43-e1690695797750.jpeg 1244w\" sizes=\"(max-width: 300px) 100vw, 300px\" \/>\t\t\t\t\t\t\t\t\t\t\t\t\t\t\t<\/div>\n\t\t\t\t<\/div>\n\t\t\t\t<div class=\"elementor-element elementor-element-b9fa35e elementor-widget elementor-widget-image\" data-id=\"b9fa35e\" data-element_type=\"widget\" data-e-type=\"widget\" data-widget_type=\"image.default\">\n\t\t\t\t<div class=\"elementor-widget-container\">\n\t\t\t\t\t\t\t\t\t\t\t\t\t\t\t<img fetchpriority=\"high\" decoding=\"async\" width=\"1024\" height=\"577\" src=\"https:\/\/www.proconnectionarts.com\/wp-content\/uploads\/2023\/07\/WhatsApp-Image-2023-07-21-at-15.51.35-1024x577.jpeg\" class=\"attachment-large size-large wp-image-797\" alt=\"\" srcset=\"https:\/\/www.proconnectionarts.com\/wp-content\/uploads\/2023\/07\/WhatsApp-Image-2023-07-21-at-15.51.35-1024x577.jpeg 1024w, https:\/\/www.proconnectionarts.com\/wp-content\/uploads\/2023\/07\/WhatsApp-Image-2023-07-21-at-15.51.35-300x169.jpeg 300w, https:\/\/www.proconnectionarts.com\/wp-content\/uploads\/2023\/07\/WhatsApp-Image-2023-07-21-at-15.51.35-768x432.jpeg 768w, https:\/\/www.proconnectionarts.com\/wp-content\/uploads\/2023\/07\/WhatsApp-Image-2023-07-21-at-15.51.35-1536x865.jpeg 1536w, https:\/\/www.proconnectionarts.com\/wp-content\/uploads\/2023\/07\/WhatsApp-Image-2023-07-21-at-15.51.35.jpeg 2048w\" sizes=\"(max-width: 1024px) 100vw, 1024px\" \/>\t\t\t\t\t\t\t\t\t\t\t\t\t\t\t<\/div>\n\t\t\t\t<\/div>\n\t\t\t\t\t<\/div>\n\t\t<\/div>\n\t\t\t\t\t<\/div>\n\t\t<\/section>\n\t\t\t\t<section class=\"elementor-section elementor-top-section elementor-element elementor-element-bf69d17 elementor-section-boxed elementor-section-height-default elementor-section-height-default wpr-particle-no wpr-jarallax-no wpr-parallax-no wpr-sticky-section-no wpr-equal-height-no\" data-id=\"bf69d17\" data-element_type=\"section\" data-e-type=\"section\">\n\t\t\t\t\t\t<div class=\"elementor-container elementor-column-gap-default\">\n\t\t\t\t\t<div class=\"elementor-column elementor-col-100 elementor-top-column elementor-element elementor-element-230f229\" data-id=\"230f229\" data-element_type=\"column\" data-e-type=\"column\">\n\t\t\t<div class=\"elementor-widget-wrap elementor-element-populated\">\n\t\t\t\t\t\t<div class=\"elementor-element elementor-element-7dcfeef elementor-position-left elementor-vertical-align-top elementor-widget elementor-widget-image-box\" data-id=\"7dcfeef\" data-element_type=\"widget\" data-e-type=\"widget\" data-widget_type=\"image-box.default\">\n\t\t\t\t<div class=\"elementor-widget-container\">\n\t\t\t\t\t<div class=\"elementor-image-box-wrapper\"><figure class=\"elementor-image-box-img\"><img decoding=\"async\" src=\"https:\/\/www.proconnectionarts.com\/wp-content\/uploads\/2022\/01\/92b7844d-0ed6-4d03-bbd5-6da326a1042f-1-300x300.jpg\" title=\"92b7844d-0ed6-4d03-bbd5-6da326a1042f\" alt=\"92b7844d-0ed6-4d03-bbd5-6da326a1042f\" loading=\"lazy\" \/><\/figure><div class=\"elementor-image-box-content\"><h2 class=\"elementor-image-box-title\">Comp\u00e9tition<\/h2><p class=\"elementor-image-box-description\">L'\u00e9quipe de comp\u00e9titeurs Karkara regroupe des pratiquants de plusieurs clubs et participe \u00e0 la coupe de France CFJJB et aux Open de l'IBJJF.  Elle est arriv\u00e9e en premi\u00e8re position par \u00e9quipe lors de l'Open Fall IBJJF de Paris 2019.<\/p><\/div><\/div>\t\t\t\t<\/div>\n\t\t\t\t<\/div>\n\t\t\t\t\t<\/div>\n\t\t<\/div>\n\t\t\t\t\t<\/div>\n\t\t<\/section>\n\t\t\t\t<\/div>\n\t\t","protected":false},"excerpt":{"rendered":"<p>Pratique sportive Le JJB est une activit\u00e9 sportive proche de la lutte et du Judo. Il d\u00e9veloppe la force, l&rsquo;endurance, la souplesse et la coordination motrice. Il aide \u00e0 perdre du poids et \u00e0 avoir une bonne condition physique (musculation du corps, d\u00e9veloppement des aptitudes cardio-vasculaires et respiratoires) et d\u00e9veloppe la confiance en soi (techniques de self-d\u00e9fense). Le style de vie qui accompagne la pratique du Jiu-Jitsu Br\u00e9silien apporte \u00e9galement des bienfaits au corps via des \u00e9tirements et en encourageant une alimentation saine. Comp\u00e9tition L&rsquo;\u00e9quipe de comp\u00e9titeurs Karkara regroupe des pratiquants de plusieurs clubs et participe \u00e0 la coupe de France CFJJB et aux Open de l&rsquo;IBJJF. Elle est arriv\u00e9e en premi\u00e8re position par \u00e9quipe lors de l&rsquo;Open Fall IBJJF de Paris 2019.<\/p>\n","protected":false},"author":1,"featured_media":0,"parent":0,"menu_order":0,"comment_status":"closed","ping_status":"closed","template":"","meta":{"footnotes":""},"class_list":["post-76","page","type-page","status-publish","hentry"],"_links":{"self":[{"href":"https:\/\/www.proconnectionarts.com\/index.php\/wp-json\/wp\/v2\/pages\/76","targetHints":{"allow":["GET"]}}],"collection":[{"href":"https:\/\/www.proconnectionarts.com\/index.php\/wp-json\/wp\/v2\/pages"}],"about":[{"href":"https:\/\/www.proconnectionarts.com\/index.php\/wp-json\/wp\/v2\/types\/page"}],"author":[{"embeddable":true,"href":"https:\/\/www.proconnectionarts.com\/index.php\/wp-json\/wp\/v2\/users\/1"}],"replies":[{"embeddable":true,"href":"https:\/\/www.proconnectionarts.com\/index.php\/wp-json\/wp\/v2\/comments?post=76"}],"version-history":[{"count":6,"href":"https:\/\/www.proconnectionarts.com\/index.php\/wp-json\/wp\/v2\/pages\/76\/revisions"}],"predecessor-version":[{"id":804,"href":"https:\/\/www.proconnectionarts.com\/index.php\/wp-json\/wp\/v2\/pages\/76\/revisions\/804"}],"wp:attachment":[{"href":"https:\/\/www.proconnectionarts.com\/index.php\/wp-json\/wp\/v2\/media?parent=76"}],"curies":[{"name":"wp","href":"https:\/\/api.w.org\/{rel}","templated":true}]}}