{"id":77,"date":"2020-10-20T12:15:09","date_gmt":"2020-10-20T10:15:09","guid":{"rendered":"http:\/\/193.70.86.132\/?page_id=34"},"modified":"2023-08-01T07:13:30","modified_gmt":"2023-08-01T05:13:30","slug":"kids","status":"publish","type":"page","link":"https:\/\/www.proconnectionarts.com\/index.php\/kids\/","title":{"rendered":"Kids"},"content":{"rendered":"\t\t<div data-elementor-type=\"wp-page\" data-elementor-id=\"77\" class=\"elementor elementor-77\">\n\t\t\t\t\t\t<section class=\"elementor-section elementor-top-section elementor-element elementor-element-7b56076 elementor-section-boxed elementor-section-height-default elementor-section-height-default wpr-particle-no wpr-jarallax-no wpr-parallax-no wpr-sticky-section-no wpr-equal-height-no\" data-id=\"7b56076\" data-element_type=\"section\" data-e-type=\"section\">\n\t\t\t\t\t\t<div class=\"elementor-container elementor-column-gap-default\">\n\t\t\t\t\t<div class=\"elementor-column elementor-col-100 elementor-top-column elementor-element elementor-element-1861381\" data-id=\"1861381\" data-element_type=\"column\" data-e-type=\"column\">\n\t\t\t<div class=\"elementor-widget-wrap elementor-element-populated\">\n\t\t\t\t\t\t<div class=\"elementor-element elementor-element-baaa71b elementor-widget elementor-widget-heading\" data-id=\"baaa71b\" data-element_type=\"widget\" data-e-type=\"widget\" data-widget_type=\"heading.default\">\n\t\t\t\t<div class=\"elementor-widget-container\">\n\t\t\t\t\t<h2 class=\"elementor-heading-title elementor-size-default\">Le JJB pour les enfants : un plein de confiance !<\/h2>\t\t\t\t<\/div>\n\t\t\t\t<\/div>\n\t\t\t\t<div class=\"elementor-element elementor-element-374ca32 elementor-widget elementor-widget-text-editor\" data-id=\"374ca32\" data-element_type=\"widget\" data-e-type=\"widget\" data-widget_type=\"text-editor.default\">\n\t\t\t\t<div class=\"elementor-widget-container\">\n\t\t\t\t\t\t\t\t\t<p>En France, on conna\u00eet beaucoup le Judo !<\/p><p>Le JJB est son cousin : issu des m\u00eames racines japonaises, c&rsquo;est un sport plus moderne encore. M\u00ealant le jeu, la discipline, l&rsquo;effort, la technique, la camaraderie, c&rsquo;est une activit\u00e9 id\u00e9ale pour les enfants et ados.<\/p>\t\t\t\t\t\t\t\t<\/div>\n\t\t\t\t<\/div>\n\t\t\t\t<div class=\"elementor-element elementor-element-4460198 elementor-widget elementor-widget-text-editor\" data-id=\"4460198\" data-element_type=\"widget\" data-e-type=\"widget\" data-widget_type=\"text-editor.default\">\n\t\t\t\t<div class=\"elementor-widget-container\">\n\t\t\t\t\t\t\t\t\t<p>En faisant du JJB, on apprend \u00e0 ma\u00eetriser son corps, on prend confiance en soi, on est plus calme, on sait garder son sang froid m\u00eame dans des situations difficiles et on sait se d\u00e9fendre\u00a0<span style=\"font-weight: bold;\">sans porter de coups<\/span>\u00a0! Un atout pour toute la vie !<\/p>\t\t\t\t\t\t\t\t<\/div>\n\t\t\t\t<\/div>\n\t\t\t\t<div class=\"elementor-element elementor-element-16da1d3 elementor-widget elementor-widget-image\" data-id=\"16da1d3\" data-element_type=\"widget\" data-e-type=\"widget\" data-widget_type=\"image.default\">\n\t\t\t\t<div class=\"elementor-widget-container\">\n\t\t\t\t\t\t\t\t\t\t\t\t\t\t\t<img fetchpriority=\"high\" decoding=\"async\" width=\"965\" height=\"532\" src=\"https:\/\/www.proconnectionarts.com\/wp-content\/uploads\/2023\/08\/kidsbjj2023-e1690866794977.jpeg\" class=\"attachment-large size-large wp-image-817\" alt=\"\" srcset=\"https:\/\/www.proconnectionarts.com\/wp-content\/uploads\/2023\/08\/kidsbjj2023-e1690866794977.jpeg 965w, https:\/\/www.proconnectionarts.com\/wp-content\/uploads\/2023\/08\/kidsbjj2023-e1690866794977-300x165.jpeg 300w, https:\/\/www.proconnectionarts.com\/wp-content\/uploads\/2023\/08\/kidsbjj2023-e1690866794977-768x423.jpeg 768w\" sizes=\"(max-width: 965px) 100vw, 965px\" \/>\t\t\t\t\t\t\t\t\t\t\t\t\t\t\t<\/div>\n\t\t\t\t<\/div>\n\t\t\t\t\t<\/div>\n\t\t<\/div>\n\t\t\t\t\t<\/div>\n\t\t<\/section>\n\t\t\t\t<\/div>\n\t\t","protected":false},"excerpt":{"rendered":"<p>Le JJB pour les enfants : un plein de confiance ! En France, on conna\u00eet beaucoup le Judo ! Le JJB est son cousin : issu des m\u00eames racines japonaises, c&rsquo;est un sport plus moderne encore. M\u00ealant le jeu, la discipline, l&rsquo;effort, la technique, la camaraderie, c&rsquo;est une activit\u00e9 id\u00e9ale pour les enfants et ados. En faisant du JJB, on apprend \u00e0 ma\u00eetriser son corps, on prend confiance en soi, on est plus calme, on sait garder son sang froid m\u00eame dans des situations difficiles et on sait se d\u00e9fendre\u00a0sans porter de coups\u00a0! Un atout pour toute la vie !<\/p>\n","protected":false},"author":1,"featured_media":0,"parent":0,"menu_order":0,"comment_status":"closed","ping_status":"closed","template":"","meta":{"footnotes":""},"class_list":["post-77","page","type-page","status-publish","hentry"],"_links":{"self":[{"href":"https:\/\/www.proconnectionarts.com\/index.php\/wp-json\/wp\/v2\/pages\/77","targetHints":{"allow":["GET"]}}],"collection":[{"href":"https:\/\/www.proconnectionarts.com\/index.php\/wp-json\/wp\/v2\/pages"}],"about":[{"href":"https:\/\/www.proconnectionarts.com\/index.php\/wp-json\/wp\/v2\/types\/page"}],"author":[{"embeddable":true,"href":"https:\/\/www.proconnectionarts.com\/index.php\/wp-json\/wp\/v2\/users\/1"}],"replies":[{"embeddable":true,"href":"https:\/\/www.proconnectionarts.com\/index.php\/wp-json\/wp\/v2\/comments?post=77"}],"version-history":[{"count":15,"href":"https:\/\/www.proconnectionarts.com\/index.php\/wp-json\/wp\/v2\/pages\/77\/revisions"}],"predecessor-version":[{"id":820,"href":"https:\/\/www.proconnectionarts.com\/index.php\/wp-json\/wp\/v2\/pages\/77\/revisions\/820"}],"wp:attachment":[{"href":"https:\/\/www.proconnectionarts.com\/index.php\/wp-json\/wp\/v2\/media?parent=77"}],"curies":[{"name":"wp","href":"https:\/\/api.w.org\/{rel}","templated":true}]}}