{"id":78,"date":"2020-10-20T12:15:10","date_gmt":"2020-10-20T10:15:10","guid":{"rendered":"http:\/\/193.70.86.132\/?page_id=35"},"modified":"2023-07-30T07:49:08","modified_gmt":"2023-07-30T05:49:08","slug":"grappling","status":"publish","type":"page","link":"https:\/\/www.proconnectionarts.com\/index.php\/grappling\/","title":{"rendered":"Grappling"},"content":{"rendered":"\t\t<div data-elementor-type=\"wp-page\" data-elementor-id=\"78\" class=\"elementor elementor-78\">\n\t\t\t\t\t\t<section class=\"elementor-section elementor-top-section elementor-element elementor-element-52aaa48 elementor-section-boxed elementor-section-height-default elementor-section-height-default wpr-particle-no wpr-jarallax-no wpr-parallax-no wpr-sticky-section-no wpr-equal-height-no\" data-id=\"52aaa48\" data-element_type=\"section\" data-e-type=\"section\">\n\t\t\t\t\t\t<div class=\"elementor-container elementor-column-gap-default\">\n\t\t\t\t\t<div class=\"elementor-column elementor-col-100 elementor-top-column elementor-element elementor-element-24eded0\" data-id=\"24eded0\" data-element_type=\"column\" data-e-type=\"column\">\n\t\t\t<div class=\"elementor-widget-wrap elementor-element-populated\">\n\t\t\t\t\t\t<div class=\"elementor-element elementor-element-29aa6cb elementor-widget elementor-widget-heading\" data-id=\"29aa6cb\" data-element_type=\"widget\" data-e-type=\"widget\" data-widget_type=\"heading.default\">\n\t\t\t\t<div class=\"elementor-widget-container\">\n\t\t\t\t\t<h2 class=\"elementor-heading-title elementor-size-default\">Sans kimono !<\/h2>\t\t\t\t<\/div>\n\t\t\t\t<\/div>\n\t\t\t\t<div class=\"elementor-element elementor-element-0e79f2f elementor-widget elementor-widget-text-editor\" data-id=\"0e79f2f\" data-element_type=\"widget\" data-e-type=\"widget\" data-widget_type=\"text-editor.default\">\n\t\t\t\t<div class=\"elementor-widget-container\">\n\t\t\t\t\t\t\t\t\t<p>Le <strong>Grappling<\/strong>, aussi appel\u00e9 <b>NOGI<\/b>, est un terme utilis\u00e9 pour d\u00e9signer de la lutte sans kimono<strong>.<\/strong> L&rsquo;objectif est toujours de faire abandonner son adversaire avec des techniques de soumission (cl\u00e9 articulaire, \u00e9tranglement\u2026), mais sans pouvoir l&rsquo;attraper par un v\u00eatement quelconque.<\/p>\t\t\t\t\t\t\t\t<\/div>\n\t\t\t\t<\/div>\n\t\t\t\t<div class=\"elementor-element elementor-element-2644d9c elementor-widget elementor-widget-image\" data-id=\"2644d9c\" data-element_type=\"widget\" data-e-type=\"widget\" data-widget_type=\"image.default\">\n\t\t\t\t<div class=\"elementor-widget-container\">\n\t\t\t\t\t\t\t\t\t\t\t\t\t\t\t<img fetchpriority=\"high\" decoding=\"async\" width=\"768\" height=\"524\" src=\"https:\/\/www.proconnectionarts.com\/wp-content\/uploads\/2023\/07\/WhatsApp-Image-2023-07-18-at-20.42.48-e1690696137832.jpeg\" class=\"attachment-medium_large size-medium_large wp-image-794\" alt=\"\" srcset=\"https:\/\/www.proconnectionarts.com\/wp-content\/uploads\/2023\/07\/WhatsApp-Image-2023-07-18-at-20.42.48-e1690696137832.jpeg 768w, https:\/\/www.proconnectionarts.com\/wp-content\/uploads\/2023\/07\/WhatsApp-Image-2023-07-18-at-20.42.48-e1690696137832-300x205.jpeg 300w\" sizes=\"(max-width: 768px) 100vw, 768px\" \/>\t\t\t\t\t\t\t\t\t\t\t\t\t\t\t<\/div>\n\t\t\t\t<\/div>\n\t\t\t\t\t<\/div>\n\t\t<\/div>\n\t\t\t\t\t<\/div>\n\t\t<\/section>\n\t\t\t\t<\/div>\n\t\t","protected":false},"excerpt":{"rendered":"<p>Sans kimono ! Le Grappling, aussi appel\u00e9 NOGI, est un terme utilis\u00e9 pour d\u00e9signer de la lutte sans kimono. L&rsquo;objectif est toujours de faire abandonner son adversaire avec des techniques de soumission (cl\u00e9 articulaire, \u00e9tranglement\u2026), mais sans pouvoir l&rsquo;attraper par un v\u00eatement quelconque.<\/p>\n","protected":false},"author":1,"featured_media":0,"parent":0,"menu_order":0,"comment_status":"closed","ping_status":"closed","template":"","meta":{"footnotes":""},"class_list":["post-78","page","type-page","status-publish","hentry"],"_links":{"self":[{"href":"https:\/\/www.proconnectionarts.com\/index.php\/wp-json\/wp\/v2\/pages\/78","targetHints":{"allow":["GET"]}}],"collection":[{"href":"https:\/\/www.proconnectionarts.com\/index.php\/wp-json\/wp\/v2\/pages"}],"about":[{"href":"https:\/\/www.proconnectionarts.com\/index.php\/wp-json\/wp\/v2\/types\/page"}],"author":[{"embeddable":true,"href":"https:\/\/www.proconnectionarts.com\/index.php\/wp-json\/wp\/v2\/users\/1"}],"replies":[{"embeddable":true,"href":"https:\/\/www.proconnectionarts.com\/index.php\/wp-json\/wp\/v2\/comments?post=78"}],"version-history":[{"count":11,"href":"https:\/\/www.proconnectionarts.com\/index.php\/wp-json\/wp\/v2\/pages\/78\/revisions"}],"predecessor-version":[{"id":807,"href":"https:\/\/www.proconnectionarts.com\/index.php\/wp-json\/wp\/v2\/pages\/78\/revisions\/807"}],"wp:attachment":[{"href":"https:\/\/www.proconnectionarts.com\/index.php\/wp-json\/wp\/v2\/media?parent=78"}],"curies":[{"name":"wp","href":"https:\/\/api.w.org\/{rel}","templated":true}]}}