{"id":79,"date":"2020-10-20T12:15:10","date_gmt":"2020-10-20T10:15:10","guid":{"rendered":"http:\/\/193.70.86.132\/?page_id=36"},"modified":"2024-02-07T13:40:58","modified_gmt":"2024-02-07T12:40:58","slug":"accueil","status":"publish","type":"page","link":"https:\/\/www.proconnectionarts.com\/","title":{"rendered":"Accueil"},"content":{"rendered":"\t\t<div data-elementor-type=\"wp-page\" data-elementor-id=\"79\" class=\"elementor elementor-79\">\n\t\t\t\t\t\t<section class=\"elementor-section elementor-top-section elementor-element elementor-element-8345935 elementor-section-boxed elementor-section-height-default elementor-section-height-default wpr-particle-no wpr-jarallax-no wpr-parallax-no wpr-sticky-section-no wpr-equal-height-no\" data-id=\"8345935\" data-element_type=\"section\" data-e-type=\"section\">\n\t\t\t\t\t\t<div class=\"elementor-container elementor-column-gap-default\">\n\t\t\t\t\t<div class=\"elementor-column elementor-col-100 elementor-top-column elementor-element elementor-element-b06cc0d\" data-id=\"b06cc0d\" data-element_type=\"column\" data-e-type=\"column\">\n\t\t\t<div class=\"elementor-widget-wrap elementor-element-populated\">\n\t\t\t\t\t\t<div class=\"elementor-element elementor-element-1184570 elementor-widget elementor-widget-heading\" data-id=\"1184570\" data-element_type=\"widget\" data-e-type=\"widget\" data-widget_type=\"heading.default\">\n\t\t\t\t<div class=\"elementor-widget-container\">\n\t\t\t\t\t<h2 class=\"elementor-heading-title elementor-size-default\">Nouvelle salle \u00e0 Coulommiers !<\/h2>\t\t\t\t<\/div>\n\t\t\t\t<\/div>\n\t\t\t\t<div class=\"elementor-element elementor-element-dabeb7a elementor-widget elementor-widget-video\" data-id=\"dabeb7a\" data-element_type=\"widget\" data-e-type=\"widget\" data-settings=\"{&quot;video_type&quot;:&quot;hosted&quot;,&quot;controls&quot;:&quot;yes&quot;}\" data-widget_type=\"video.default\">\n\t\t\t\t<div class=\"elementor-widget-container\">\n\t\t\t\t\t\t\t<div class=\"e-hosted-video elementor-wrapper elementor-open-inline\">\n\t\t\t\t\t<video class=\"elementor-video\" src=\"http:\/\/proconnectionarts.com\/wp-content\/uploads\/2022\/04\/VID-20220415-WA0000.mp4\" controls=\"\" preload=\"metadata\" controlsList=\"nodownload\"><\/video>\n\t\t\t\t<\/div>\n\t\t\t\t\t\t<\/div>\n\t\t\t\t<\/div>\n\t\t\t\t<div class=\"elementor-element elementor-element-adf847a elementor-align-center elementor-widget elementor-widget-button\" data-id=\"adf847a\" data-element_type=\"widget\" data-e-type=\"widget\" data-widget_type=\"button.default\">\n\t\t\t\t<div class=\"elementor-widget-container\">\n\t\t\t\t\t\t\t\t\t<div class=\"elementor-button-wrapper\">\n\t\t\t\t\t<a class=\"elementor-button elementor-button-link elementor-size-sm elementor-animation-grow\" href=\"http:\/\/proconnectionarts.com\/index.php\/coulommiers\/\">\n\t\t\t\t\t\t<span class=\"elementor-button-content-wrapper\">\n\t\t\t\t\t\t\t\t\t<span class=\"elementor-button-text\">Toutes les infos en cliquant ici<\/span>\n\t\t\t\t\t<\/span>\n\t\t\t\t\t<\/a>\n\t\t\t\t<\/div>\n\t\t\t\t\t\t\t\t<\/div>\n\t\t\t\t<\/div>\n\t\t\t\t<section class=\"elementor-section elementor-inner-section elementor-element elementor-element-c1f1ed8 elementor-section-boxed elementor-section-height-default elementor-section-height-default wpr-particle-no wpr-jarallax-no wpr-parallax-no wpr-sticky-section-no wpr-equal-height-no\" data-id=\"c1f1ed8\" data-element_type=\"section\" data-e-type=\"section\">\n\t\t\t\t\t\t<div class=\"elementor-container elementor-column-gap-default\">\n\t\t\t\t\t<div class=\"elementor-column elementor-col-50 elementor-inner-column elementor-element elementor-element-8cbebec\" data-id=\"8cbebec\" data-element_type=\"column\" data-e-type=\"column\">\n\t\t\t<div class=\"elementor-widget-wrap elementor-element-populated\">\n\t\t\t\t\t\t<div class=\"elementor-element elementor-element-aceb5f0 elementor-widget elementor-widget-image\" data-id=\"aceb5f0\" data-element_type=\"widget\" data-e-type=\"widget\" data-widget_type=\"image.default\">\n\t\t\t\t<div class=\"elementor-widget-container\">\n\t\t\t\t\t\t\t\t\t\t\t\t\t\t\t<img decoding=\"async\" src=\"https:\/\/www.proconnectionarts.com\/wp-content\/uploads\/2022\/03\/WhatsApp-Image-2022-03-21-at-15.12.43-e1648012322205-300x300.jpeg\" title=\"WhatsApp Image 2022-03-21 at 15.12.43\" alt=\"WhatsApp Image 2022-03-21 at 15.12.43\" loading=\"lazy\" \/>\t\t\t\t\t\t\t\t\t\t\t\t\t\t\t<\/div>\n\t\t\t\t<\/div>\n\t\t\t\t\t<\/div>\n\t\t<\/div>\n\t\t\t\t<div class=\"elementor-column elementor-col-50 elementor-inner-column elementor-element elementor-element-7dd3167\" data-id=\"7dd3167\" data-element_type=\"column\" data-e-type=\"column\">\n\t\t\t<div class=\"elementor-widget-wrap elementor-element-populated\">\n\t\t\t\t\t\t<div class=\"elementor-element elementor-element-00a009b elementor-widget elementor-widget-image\" data-id=\"00a009b\" data-element_type=\"widget\" data-e-type=\"widget\" data-widget_type=\"image.default\">\n\t\t\t\t<div class=\"elementor-widget-container\">\n\t\t\t\t\t\t\t\t\t\t\t\t\t\t\t<img decoding=\"async\" src=\"https:\/\/www.proconnectionarts.com\/wp-content\/uploads\/2022\/03\/WhatsApp-Image-2022-03-22-at-21.45.24-e1648012561728-300x300.jpeg\" title=\"WhatsApp Image 2022-03-22 at 21.45.24\" alt=\"WhatsApp Image 2022-03-22 at 21.45.24\" loading=\"lazy\" \/>\t\t\t\t\t\t\t\t\t\t\t\t\t\t\t<\/div>\n\t\t\t\t<\/div>\n\t\t\t\t\t<\/div>\n\t\t<\/div>\n\t\t\t\t\t<\/div>\n\t\t<\/section>\n\t\t\t\t\t<\/div>\n\t\t<\/div>\n\t\t\t\t\t<\/div>\n\t\t<\/section>\n\t\t\t\t<section class=\"elementor-section elementor-top-section elementor-element elementor-element-ed1727f elementor-section-boxed elementor-section-height-default elementor-section-height-default wpr-particle-no wpr-jarallax-no wpr-parallax-no wpr-sticky-section-no wpr-equal-height-no\" data-id=\"ed1727f\" data-element_type=\"section\" data-e-type=\"section\">\n\t\t\t\t\t\t<div class=\"elementor-container elementor-column-gap-default\">\n\t\t\t\t\t<div class=\"elementor-column elementor-col-100 elementor-top-column elementor-element elementor-element-fb3e175\" data-id=\"fb3e175\" data-element_type=\"column\" data-e-type=\"column\">\n\t\t\t<div class=\"elementor-widget-wrap elementor-element-populated\">\n\t\t\t\t\t\t<div class=\"elementor-element elementor-element-7f87dc5 elementor-widget elementor-widget-heading\" data-id=\"7f87dc5\" data-element_type=\"widget\" data-e-type=\"widget\" data-widget_type=\"heading.default\">\n\t\t\t\t<div class=\"elementor-widget-container\">\n\t\t\t\t\t<h2 class=\"elementor-heading-title elementor-size-default\">D\u00e9couvrez le Jiu-Jitsu Br\u00e9silien !<\/h2>\t\t\t\t<\/div>\n\t\t\t\t<\/div>\n\t\t\t\t<div class=\"elementor-element elementor-element-92f615b elementor-widget elementor-widget-text-editor\" data-id=\"92f615b\" data-element_type=\"widget\" data-e-type=\"widget\" data-widget_type=\"text-editor.default\">\n\t\t\t\t<div class=\"elementor-widget-container\">\n\t\t\t\t\t\t\t\t\t<p>\u00c0 la fois art martial et sport de combat, le Jiu-Jitsu br\u00e9silien s&rsquo;est fortement d\u00e9velopp\u00e9 ces derni\u00e8res ann\u00e9es gr\u00e2ce \u00e0 son efficacit\u00e9 au sol lors des combats de MMA. C&rsquo;est pourtant un sport adapt\u00e9 \u00e0 tous car il permet \u00e0 celui ou celle qui en conna\u00eet les techniques de ma\u00eetriser un adversaire, m\u00eame plus fort et plus lourd !<\/p>\t\t\t\t\t\t\t\t<\/div>\n\t\t\t\t<\/div>\n\t\t\t\t\t<\/div>\n\t\t<\/div>\n\t\t\t\t\t<\/div>\n\t\t<\/section>\n\t\t\t\t<section class=\"elementor-section elementor-top-section elementor-element elementor-element-f18b530 elementor-section-boxed elementor-section-height-default elementor-section-height-default wpr-particle-no wpr-jarallax-no wpr-parallax-no wpr-sticky-section-no wpr-equal-height-no\" data-id=\"f18b530\" data-element_type=\"section\" data-e-type=\"section\">\n\t\t\t\t\t\t<div class=\"elementor-container elementor-column-gap-default\">\n\t\t\t\t\t<div class=\"elementor-column elementor-col-100 elementor-top-column elementor-element elementor-element-4c84b73\" data-id=\"4c84b73\" data-element_type=\"column\" data-e-type=\"column\">\n\t\t\t<div class=\"elementor-widget-wrap elementor-element-populated\">\n\t\t\t\t\t\t<div class=\"elementor-element elementor-element-155ae8f elementor-widget elementor-widget-video\" data-id=\"155ae8f\" data-element_type=\"widget\" data-e-type=\"widget\" data-settings=\"{&quot;youtube_url&quot;:&quot;https:\\\/\\\/www.youtube.com\\\/watch?v=vJfectxbC_8&quot;,&quot;video_type&quot;:&quot;youtube&quot;,&quot;controls&quot;:&quot;yes&quot;}\" data-widget_type=\"video.default\">\n\t\t\t\t<div class=\"elementor-widget-container\">\n\t\t\t\t\t\t\t<div class=\"elementor-wrapper elementor-open-inline\">\n\t\t\t<div class=\"elementor-video\"><\/div>\t\t<\/div>\n\t\t\t\t\t\t<\/div>\n\t\t\t\t<\/div>\n\t\t\t\t\t<\/div>\n\t\t<\/div>\n\t\t\t\t\t<\/div>\n\t\t<\/section>\n\t\t\t\t<section class=\"elementor-section elementor-top-section elementor-element elementor-element-5cde8be elementor-section-boxed elementor-section-height-default elementor-section-height-default wpr-particle-no wpr-jarallax-no wpr-parallax-no wpr-sticky-section-no wpr-equal-height-no\" data-id=\"5cde8be\" data-element_type=\"section\" data-e-type=\"section\">\n\t\t\t\t\t\t<div class=\"elementor-container elementor-column-gap-default\">\n\t\t\t\t\t<div class=\"elementor-column elementor-col-100 elementor-top-column elementor-element elementor-element-e5e52c7\" data-id=\"e5e52c7\" data-element_type=\"column\" data-e-type=\"column\">\n\t\t\t<div class=\"elementor-widget-wrap elementor-element-populated\">\n\t\t\t\t\t\t<div class=\"elementor-element elementor-element-fbb91d3 elementor-shape-rounded elementor-grid-0 e-grid-align-center elementor-widget elementor-widget-social-icons\" data-id=\"fbb91d3\" data-element_type=\"widget\" data-e-type=\"widget\" data-widget_type=\"social-icons.default\">\n\t\t\t\t<div class=\"elementor-widget-container\">\n\t\t\t\t\t\t\t<div class=\"elementor-social-icons-wrapper elementor-grid\" role=\"list\">\n\t\t\t\t\t\t\t<span class=\"elementor-grid-item\" role=\"listitem\">\n\t\t\t\t\t<a class=\"elementor-icon elementor-social-icon elementor-social-icon-facebook elementor-repeater-item-08d79c2\" href=\"https:\/\/www.facebook.com\/KARBJJ77\" target=\"_blank\">\n\t\t\t\t\t\t<span class=\"elementor-screen-only\">Facebook<\/span>\n\t\t\t\t\t\t<i aria-hidden=\"true\" class=\"fab fa-facebook\"><\/i>\t\t\t\t\t<\/a>\n\t\t\t\t<\/span>\n\t\t\t\t\t\t\t<span class=\"elementor-grid-item\" role=\"listitem\">\n\t\t\t\t\t<a class=\"elementor-icon elementor-social-icon elementor-social-icon-youtube elementor-repeater-item-4e0e5f8\" href=\"https:\/\/www.youtube.com\/channel\/UCUb520Xgh83FHeglDdmKy4w\" target=\"_blank\">\n\t\t\t\t\t\t<span class=\"elementor-screen-only\">Youtube<\/span>\n\t\t\t\t\t\t<i aria-hidden=\"true\" class=\"fab fa-youtube\"><\/i>\t\t\t\t\t<\/a>\n\t\t\t\t<\/span>\n\t\t\t\t\t\t\t<span class=\"elementor-grid-item\" role=\"listitem\">\n\t\t\t\t\t<a class=\"elementor-icon elementor-social-icon elementor-social-icon-instagram elementor-repeater-item-67bc7c4\" href=\"https:\/\/www.instagram.com\/karkarabjj_77paris\/\" target=\"_blank\">\n\t\t\t\t\t\t<span class=\"elementor-screen-only\">Instagram<\/span>\n\t\t\t\t\t\t<i aria-hidden=\"true\" class=\"fab fa-instagram\"><\/i>\t\t\t\t\t<\/a>\n\t\t\t\t<\/span>\n\t\t\t\t\t<\/div>\n\t\t\t\t\t\t<\/div>\n\t\t\t\t<\/div>\n\t\t\t\t\t<\/div>\n\t\t<\/div>\n\t\t\t\t\t<\/div>\n\t\t<\/section>\n\t\t\t\t<section class=\"elementor-section elementor-top-section elementor-element elementor-element-fa80baf elementor-section-boxed elementor-section-height-default elementor-section-height-default wpr-particle-no wpr-jarallax-no wpr-parallax-no wpr-sticky-section-no wpr-equal-height-no\" data-id=\"fa80baf\" data-element_type=\"section\" data-e-type=\"section\">\n\t\t\t\t\t\t<div class=\"elementor-container elementor-column-gap-default\">\n\t\t\t\t\t<div class=\"elementor-column elementor-col-25 elementor-top-column elementor-element elementor-element-95d74b9\" data-id=\"95d74b9\" data-element_type=\"column\" data-e-type=\"column\">\n\t\t\t<div class=\"elementor-widget-wrap elementor-element-populated\">\n\t\t\t\t\t\t<div class=\"elementor-element elementor-element-73dc87d elementor-widget elementor-widget-image\" data-id=\"73dc87d\" data-element_type=\"widget\" data-e-type=\"widget\" data-widget_type=\"image.default\">\n\t\t\t\t<div class=\"elementor-widget-container\">\n\t\t\t\t\t\t\t\t\t\t\t\t\t\t\t<img fetchpriority=\"high\" decoding=\"async\" width=\"1000\" height=\"1000\" src=\"https:\/\/www.proconnectionarts.com\/wp-content\/uploads\/2022\/01\/nos-valeur-bjj-check.png\" class=\"attachment-large size-large wp-image-304\" alt=\"\" srcset=\"https:\/\/www.proconnectionarts.com\/wp-content\/uploads\/2022\/01\/nos-valeur-bjj-check.png 1000w, https:\/\/www.proconnectionarts.com\/wp-content\/uploads\/2022\/01\/nos-valeur-bjj-check-300x300.png 300w, https:\/\/www.proconnectionarts.com\/wp-content\/uploads\/2022\/01\/nos-valeur-bjj-check-150x150.png 150w, https:\/\/www.proconnectionarts.com\/wp-content\/uploads\/2022\/01\/nos-valeur-bjj-check-768x768.png 768w, https:\/\/www.proconnectionarts.com\/wp-content\/uploads\/2022\/01\/nos-valeur-bjj-check-75x75.png 75w\" sizes=\"(max-width: 1000px) 100vw, 1000px\" \/>\t\t\t\t\t\t\t\t\t\t\t\t\t\t\t<\/div>\n\t\t\t\t<\/div>\n\t\t\t\t<div class=\"elementor-element elementor-element-7466dd3 elementor-widget elementor-widget-image\" data-id=\"7466dd3\" data-element_type=\"widget\" data-e-type=\"widget\" data-widget_type=\"image.default\">\n\t\t\t\t<div class=\"elementor-widget-container\">\n\t\t\t\t\t\t\t\t\t\t\t\t\t\t\t<img decoding=\"async\" width=\"1000\" height=\"1000\" src=\"https:\/\/www.proconnectionarts.com\/wp-content\/uploads\/2022\/01\/nos-valeur-bjj-blanches.png\" class=\"attachment-large size-large wp-image-302\" alt=\"\" srcset=\"https:\/\/www.proconnectionarts.com\/wp-content\/uploads\/2022\/01\/nos-valeur-bjj-blanches.png 1000w, https:\/\/www.proconnectionarts.com\/wp-content\/uploads\/2022\/01\/nos-valeur-bjj-blanches-300x300.png 300w, https:\/\/www.proconnectionarts.com\/wp-content\/uploads\/2022\/01\/nos-valeur-bjj-blanches-150x150.png 150w, https:\/\/www.proconnectionarts.com\/wp-content\/uploads\/2022\/01\/nos-valeur-bjj-blanches-768x768.png 768w, https:\/\/www.proconnectionarts.com\/wp-content\/uploads\/2022\/01\/nos-valeur-bjj-blanches-75x75.png 75w\" sizes=\"(max-width: 1000px) 100vw, 1000px\" \/>\t\t\t\t\t\t\t\t\t\t\t\t\t\t\t<\/div>\n\t\t\t\t<\/div>\n\t\t\t\t\t<\/div>\n\t\t<\/div>\n\t\t\t\t<div class=\"elementor-column elementor-col-25 elementor-top-column elementor-element elementor-element-02992f0\" data-id=\"02992f0\" data-element_type=\"column\" data-e-type=\"column\">\n\t\t\t<div class=\"elementor-widget-wrap elementor-element-populated\">\n\t\t\t\t\t\t<div class=\"elementor-element elementor-element-0bd8a42 elementor-widget elementor-widget-image\" data-id=\"0bd8a42\" data-element_type=\"widget\" data-e-type=\"widget\" data-widget_type=\"image.default\">\n\t\t\t\t<div class=\"elementor-widget-container\">\n\t\t\t\t\t\t\t\t\t\t\t\t\t\t\t<img decoding=\"async\" width=\"1000\" height=\"1000\" src=\"https:\/\/www.proconnectionarts.com\/wp-content\/uploads\/2022\/01\/nos-valeur-bjj-grades.png\" class=\"attachment-large size-large wp-image-303\" alt=\"\" srcset=\"https:\/\/www.proconnectionarts.com\/wp-content\/uploads\/2022\/01\/nos-valeur-bjj-grades.png 1000w, https:\/\/www.proconnectionarts.com\/wp-content\/uploads\/2022\/01\/nos-valeur-bjj-grades-300x300.png 300w, https:\/\/www.proconnectionarts.com\/wp-content\/uploads\/2022\/01\/nos-valeur-bjj-grades-150x150.png 150w, https:\/\/www.proconnectionarts.com\/wp-content\/uploads\/2022\/01\/nos-valeur-bjj-grades-768x768.png 768w, https:\/\/www.proconnectionarts.com\/wp-content\/uploads\/2022\/01\/nos-valeur-bjj-grades-75x75.png 75w\" sizes=\"(max-width: 1000px) 100vw, 1000px\" \/>\t\t\t\t\t\t\t\t\t\t\t\t\t\t\t<\/div>\n\t\t\t\t<\/div>\n\t\t\t\t<div class=\"elementor-element elementor-element-14a823e elementor-widget elementor-widget-image\" data-id=\"14a823e\" data-element_type=\"widget\" data-e-type=\"widget\" data-widget_type=\"image.default\">\n\t\t\t\t<div class=\"elementor-widget-container\">\n\t\t\t\t\t\t\t\t\t\t\t\t\t\t\t<img loading=\"lazy\" decoding=\"async\" width=\"1000\" height=\"1000\" src=\"https:\/\/www.proconnectionarts.com\/wp-content\/uploads\/2022\/01\/nos-valeur-bjj-retourne.png\" class=\"attachment-large size-large wp-image-301\" alt=\"\" srcset=\"https:\/\/www.proconnectionarts.com\/wp-content\/uploads\/2022\/01\/nos-valeur-bjj-retourne.png 1000w, https:\/\/www.proconnectionarts.com\/wp-content\/uploads\/2022\/01\/nos-valeur-bjj-retourne-300x300.png 300w, https:\/\/www.proconnectionarts.com\/wp-content\/uploads\/2022\/01\/nos-valeur-bjj-retourne-150x150.png 150w, https:\/\/www.proconnectionarts.com\/wp-content\/uploads\/2022\/01\/nos-valeur-bjj-retourne-768x768.png 768w, https:\/\/www.proconnectionarts.com\/wp-content\/uploads\/2022\/01\/nos-valeur-bjj-retourne-75x75.png 75w\" sizes=\"(max-width: 1000px) 100vw, 1000px\" \/>\t\t\t\t\t\t\t\t\t\t\t\t\t\t\t<\/div>\n\t\t\t\t<\/div>\n\t\t\t\t\t<\/div>\n\t\t<\/div>\n\t\t\t\t<div class=\"elementor-column elementor-col-25 elementor-top-column elementor-element elementor-element-53ac278\" data-id=\"53ac278\" data-element_type=\"column\" data-e-type=\"column\">\n\t\t\t<div class=\"elementor-widget-wrap elementor-element-populated\">\n\t\t\t\t\t\t<div class=\"elementor-element elementor-element-1aa0e78 elementor-widget elementor-widget-image\" data-id=\"1aa0e78\" data-element_type=\"widget\" data-e-type=\"widget\" data-widget_type=\"image.default\">\n\t\t\t\t<div class=\"elementor-widget-container\">\n\t\t\t\t\t\t\t\t\t\t\t\t\t\t\t<img loading=\"lazy\" decoding=\"async\" width=\"1000\" height=\"1000\" src=\"https:\/\/www.proconnectionarts.com\/wp-content\/uploads\/2022\/01\/nos-valeur-bjj-silence.png\" class=\"attachment-large size-large wp-image-300\" alt=\"\" srcset=\"https:\/\/www.proconnectionarts.com\/wp-content\/uploads\/2022\/01\/nos-valeur-bjj-silence.png 1000w, https:\/\/www.proconnectionarts.com\/wp-content\/uploads\/2022\/01\/nos-valeur-bjj-silence-300x300.png 300w, https:\/\/www.proconnectionarts.com\/wp-content\/uploads\/2022\/01\/nos-valeur-bjj-silence-150x150.png 150w, https:\/\/www.proconnectionarts.com\/wp-content\/uploads\/2022\/01\/nos-valeur-bjj-silence-768x768.png 768w, https:\/\/www.proconnectionarts.com\/wp-content\/uploads\/2022\/01\/nos-valeur-bjj-silence-75x75.png 75w\" sizes=\"(max-width: 1000px) 100vw, 1000px\" \/>\t\t\t\t\t\t\t\t\t\t\t\t\t\t\t<\/div>\n\t\t\t\t<\/div>\n\t\t\t\t<div class=\"elementor-element elementor-element-9b41613 elementor-widget elementor-widget-image\" data-id=\"9b41613\" data-element_type=\"widget\" data-e-type=\"widget\" data-widget_type=\"image.default\">\n\t\t\t\t<div class=\"elementor-widget-container\">\n\t\t\t\t\t\t\t\t\t\t\t\t\t\t\t<img loading=\"lazy\" decoding=\"async\" width=\"1000\" height=\"1000\" src=\"https:\/\/www.proconnectionarts.com\/wp-content\/uploads\/2022\/01\/nos-valeur-bjj-tongs.png\" class=\"attachment-large size-large wp-image-299\" alt=\"\" srcset=\"https:\/\/www.proconnectionarts.com\/wp-content\/uploads\/2022\/01\/nos-valeur-bjj-tongs.png 1000w, https:\/\/www.proconnectionarts.com\/wp-content\/uploads\/2022\/01\/nos-valeur-bjj-tongs-300x300.png 300w, https:\/\/www.proconnectionarts.com\/wp-content\/uploads\/2022\/01\/nos-valeur-bjj-tongs-150x150.png 150w, https:\/\/www.proconnectionarts.com\/wp-content\/uploads\/2022\/01\/nos-valeur-bjj-tongs-768x768.png 768w, https:\/\/www.proconnectionarts.com\/wp-content\/uploads\/2022\/01\/nos-valeur-bjj-tongs-75x75.png 75w\" sizes=\"(max-width: 1000px) 100vw, 1000px\" \/>\t\t\t\t\t\t\t\t\t\t\t\t\t\t\t<\/div>\n\t\t\t\t<\/div>\n\t\t\t\t\t<\/div>\n\t\t<\/div>\n\t\t\t\t<div class=\"elementor-column elementor-col-25 elementor-top-column elementor-element elementor-element-daed511\" data-id=\"daed511\" data-element_type=\"column\" data-e-type=\"column\">\n\t\t\t<div class=\"elementor-widget-wrap elementor-element-populated\">\n\t\t\t\t\t\t<div class=\"elementor-element elementor-element-600d888 elementor-widget elementor-widget-image\" data-id=\"600d888\" data-element_type=\"widget\" data-e-type=\"widget\" data-widget_type=\"image.default\">\n\t\t\t\t<div class=\"elementor-widget-container\">\n\t\t\t\t\t\t\t\t\t\t\t\t\t\t\t<img loading=\"lazy\" decoding=\"async\" width=\"1000\" height=\"1000\" src=\"https:\/\/www.proconnectionarts.com\/wp-content\/uploads\/2022\/01\/nos-valeur-bjj-saluer.png\" class=\"attachment-large size-large wp-image-298\" alt=\"\" srcset=\"https:\/\/www.proconnectionarts.com\/wp-content\/uploads\/2022\/01\/nos-valeur-bjj-saluer.png 1000w, https:\/\/www.proconnectionarts.com\/wp-content\/uploads\/2022\/01\/nos-valeur-bjj-saluer-300x300.png 300w, https:\/\/www.proconnectionarts.com\/wp-content\/uploads\/2022\/01\/nos-valeur-bjj-saluer-150x150.png 150w, https:\/\/www.proconnectionarts.com\/wp-content\/uploads\/2022\/01\/nos-valeur-bjj-saluer-768x768.png 768w, https:\/\/www.proconnectionarts.com\/wp-content\/uploads\/2022\/01\/nos-valeur-bjj-saluer-75x75.png 75w\" sizes=\"(max-width: 1000px) 100vw, 1000px\" \/>\t\t\t\t\t\t\t\t\t\t\t\t\t\t\t<\/div>\n\t\t\t\t<\/div>\n\t\t\t\t<div class=\"elementor-element elementor-element-af09d32 elementor-widget elementor-widget-image\" data-id=\"af09d32\" data-element_type=\"widget\" data-e-type=\"widget\" data-widget_type=\"image.default\">\n\t\t\t\t<div class=\"elementor-widget-container\">\n\t\t\t\t\t\t\t\t\t\t\t\t\t\t\t<img loading=\"lazy\" decoding=\"async\" width=\"819\" height=\"819\" src=\"https:\/\/www.proconnectionarts.com\/wp-content\/uploads\/2022\/01\/6497ad31-2ccc-4e34-8f5a-f362db28ab7a.jpg\" class=\"attachment-large size-large wp-image-21\" alt=\"\" srcset=\"https:\/\/www.proconnectionarts.com\/wp-content\/uploads\/2022\/01\/6497ad31-2ccc-4e34-8f5a-f362db28ab7a.jpg 819w, https:\/\/www.proconnectionarts.com\/wp-content\/uploads\/2022\/01\/6497ad31-2ccc-4e34-8f5a-f362db28ab7a-300x300.jpg 300w, https:\/\/www.proconnectionarts.com\/wp-content\/uploads\/2022\/01\/6497ad31-2ccc-4e34-8f5a-f362db28ab7a-150x150.jpg 150w, https:\/\/www.proconnectionarts.com\/wp-content\/uploads\/2022\/01\/6497ad31-2ccc-4e34-8f5a-f362db28ab7a-768x768.jpg 768w, https:\/\/www.proconnectionarts.com\/wp-content\/uploads\/2022\/01\/6497ad31-2ccc-4e34-8f5a-f362db28ab7a-75x75.jpg 75w\" sizes=\"(max-width: 819px) 100vw, 819px\" \/>\t\t\t\t\t\t\t\t\t\t\t\t\t\t\t<\/div>\n\t\t\t\t<\/div>\n\t\t\t\t\t<\/div>\n\t\t<\/div>\n\t\t\t\t\t<\/div>\n\t\t<\/section>\n\t\t\t\t<\/div>\n\t\t","protected":false},"excerpt":{"rendered":"<p>Nouvelle salle \u00e0 Coulommiers ! http:\/\/proconnectionarts.com\/wp-content\/uploads\/2022\/04\/VID-20220415-WA0000.mp4 Toutes les infos en cliquant ici D\u00e9couvrez le Jiu-Jitsu Br\u00e9silien ! \u00c0 la fois art martial et sport de combat, le Jiu-Jitsu br\u00e9silien s&rsquo;est fortement d\u00e9velopp\u00e9 ces derni\u00e8res ann\u00e9es gr\u00e2ce \u00e0 son efficacit\u00e9 au sol lors des combats de MMA. C&rsquo;est pourtant un sport adapt\u00e9 \u00e0 tous car il permet \u00e0 celui ou celle qui en conna\u00eet les techniques de ma\u00eetriser un adversaire, m\u00eame plus fort et plus lourd ! Facebook Youtube Instagram<\/p>\n","protected":false},"author":1,"featured_media":0,"parent":0,"menu_order":0,"comment_status":"closed","ping_status":"closed","template":"","meta":{"footnotes":""},"class_list":["post-79","page","type-page","status-publish","hentry"],"_links":{"self":[{"href":"https:\/\/www.proconnectionarts.com\/index.php\/wp-json\/wp\/v2\/pages\/79","targetHints":{"allow":["GET"]}}],"collection":[{"href":"https:\/\/www.proconnectionarts.com\/index.php\/wp-json\/wp\/v2\/pages"}],"about":[{"href":"https:\/\/www.proconnectionarts.com\/index.php\/wp-json\/wp\/v2\/types\/page"}],"author":[{"embeddable":true,"href":"https:\/\/www.proconnectionarts.com\/index.php\/wp-json\/wp\/v2\/users\/1"}],"replies":[{"embeddable":true,"href":"https:\/\/www.proconnectionarts.com\/index.php\/wp-json\/wp\/v2\/comments?post=79"}],"version-history":[{"count":16,"href":"https:\/\/www.proconnectionarts.com\/index.php\/wp-json\/wp\/v2\/pages\/79\/revisions"}],"predecessor-version":[{"id":743,"href":"https:\/\/www.proconnectionarts.com\/index.php\/wp-json\/wp\/v2\/pages\/79\/revisions\/743"}],"wp:attachment":[{"href":"https:\/\/www.proconnectionarts.com\/index.php\/wp-json\/wp\/v2\/media?parent=79"}],"curies":[{"name":"wp","href":"https:\/\/api.w.org\/{rel}","templated":true}]}}